{"id":21,"date":"2026-02-16T18:38:23","date_gmt":"2026-02-16T18:38:23","guid":{"rendered":"https:\/\/jplf.fr\/?page_id=21"},"modified":"2026-02-28T15:24:01","modified_gmt":"2026-02-28T14:24:01","slug":"domotique","status":"publish","type":"page","link":"https:\/\/jplf.fr\/index.php\/domotique\/","title":{"rendered":"Domotique"},"content":{"rendered":"\n<div class=\"wp-block-media-text is-stacked-on-mobile is-image-fill-element\" style=\"grid-template-columns:25% auto\"><figure class=\"wp-block-media-text__media\"><img loading=\"lazy\" decoding=\"async\" width=\"500\" height=\"500\" src=\"https:\/\/jplf.fr\/wp-content\/uploads\/2026\/02\/NWS-carrousel-1.avif\" alt=\"\" class=\"wp-image-76 size-full\" style=\"object-position:76% 39%\"\/><\/figure><div class=\"wp-block-media-text__content\">\n<h2 class=\"wp-block-heading\">Thermostat intelligent connect\u00e9<\/h2>\n\n\n\n<p>Pilotage de votre chauffage avec votre smartphone depuis n&#8217;importe o\u00f9 dans le monde.<\/p>\n\n\n\n<div class=\"wp-block-buttons is-layout-flex wp-block-buttons-is-layout-flex\">\n<div class=\"wp-block-button is-style-fill\"><a class=\"wp-block-button__link has-palette-color-3-color has-palette-color-2-background-color has-text-color has-background has-link-color wp-element-button\" href=\"https:\/\/jplf.fr\/index.php\/contact\/\">Demander une intervention<\/a><\/div>\n<\/div>\n<\/div><\/div>\n\n\n\n<div class=\"wp-block-media-text is-stacked-on-mobile is-image-fill-element\" style=\"grid-template-columns:25% auto\"><figure class=\"wp-block-media-text__media\"><img loading=\"lazy\" decoding=\"async\" width=\"500\" height=\"500\" src=\"https:\/\/jplf.fr\/wp-content\/uploads\/2026\/02\/NAV-carrousel-1.avif\" alt=\"\" class=\"wp-image-78 size-full\" style=\"object-position:70% 56%\"\/><\/figure><div class=\"wp-block-media-text__content\">\n<h2 class=\"wp-block-heading\">Vannes thermostatiques connect\u00e9es<\/h2>\n\n\n\n<p>Pilotage de vos radiateurs avec votre smartphone depuis n&#8217;importe o\u00f9 dans le monde.<\/p>\n\n\n\n<div class=\"wp-block-buttons is-layout-flex wp-block-buttons-is-layout-flex\">\n<div class=\"wp-block-button is-style-fill\"><a class=\"wp-block-button__link has-palette-color-3-color has-palette-color-2-background-color has-text-color has-background has-link-color wp-element-button\" href=\"https:\/\/jplf.fr\/index.php\/contact\/\">Demander une intervention<\/a><\/div>\n<\/div>\n<\/div><\/div>\n\n\n\n<div class=\"wp-block-media-text is-stacked-on-mobile is-image-fill-element\" style=\"grid-template-columns:25% auto\"><figure class=\"wp-block-media-text__media\"><img decoding=\"async\" src=\"https:\/\/jplf.fr\/wp-content\/uploads\/2026\/02\/JPLF-Camera.png\" alt=\"\" class=\"wp-image-182 size-full\" style=\"object-position:50% 55%\"\/><\/figure><div class=\"wp-block-media-text__content\">\n<h2 class=\"wp-block-heading\">Cameras de s\u00e9curit\u00e9 connect\u00e9es<\/h2>\n\n\n\n<ul class=\"wp-block-list\">\n<li>Alarme<\/li>\n\n\n\n<li>Notifications<\/li>\n\n\n\n<li>Enregistrement des \u00e9v\u00e8nements<\/li>\n\n\n\n<li>Consultation en direct depuis n&#8217;importe o\u00f9 dans le monde depuis votre smartphone<\/li>\n<\/ul>\n\n\n\n<figure class=\"wp-block-gallery has-nested-images columns-default is-cropped wp-block-gallery-1 is-layout-flex wp-block-gallery-is-layout-flex\">\n<figure class=\"wp-block-image size-large is-resized\"><img loading=\"lazy\" decoding=\"async\" width=\"590\" height=\"462\" data-id=\"91\" src=\"https:\/\/jplf.fr\/wp-content\/uploads\/2026\/02\/Camera_Intrusion.jpg\" alt=\"\" class=\"wp-image-91\" style=\"width:189px;height:auto\" srcset=\"https:\/\/jplf.fr\/wp-content\/uploads\/2026\/02\/Camera_Intrusion.jpg 590w, https:\/\/jplf.fr\/wp-content\/uploads\/2026\/02\/Camera_Intrusion-300x235.jpg 300w\" sizes=\"auto, (max-width: 590px) 100vw, 590px\" \/><\/figure>\n<\/figure>\n\n\n\n<div class=\"wp-block-buttons is-layout-flex wp-block-buttons-is-layout-flex\">\n<div class=\"wp-block-button is-style-fill\"><a class=\"wp-block-button__link has-palette-color-3-color has-palette-color-2-background-color has-text-color has-background has-link-color wp-element-button\" href=\"https:\/\/jplf.fr\/index.php\/contact\/\">Demander une intervention<\/a><\/div>\n<\/div>\n<\/div><\/div>\n\n\n\n<div class=\"wp-block-media-text is-stacked-on-mobile is-image-fill-element\" style=\"grid-template-columns:25% auto\"><figure class=\"wp-block-media-text__media\"><img loading=\"lazy\" decoding=\"async\" width=\"960\" height=\"540\" src=\"https:\/\/jplf.fr\/wp-content\/uploads\/2026\/02\/JPLF-Volets.png\" alt=\"\" class=\"wp-image-180 size-full\" style=\"object-position:51% 65%\" srcset=\"https:\/\/jplf.fr\/wp-content\/uploads\/2026\/02\/JPLF-Volets.png 960w, https:\/\/jplf.fr\/wp-content\/uploads\/2026\/02\/JPLF-Volets-300x169.png 300w, https:\/\/jplf.fr\/wp-content\/uploads\/2026\/02\/JPLF-Volets-768x432.png 768w\" sizes=\"auto, (max-width: 960px) 100vw, 960px\" \/><\/figure><div class=\"wp-block-media-text__content\">\n<h2 class=\"wp-block-heading\">Volets \u00e9lectriques connect\u00e9s<\/h2>\n\n\n\n<p>Transformer vos volets \u00e9lectriques avec des boutons par un module connect\u00e9s :<\/p>\n\n\n\n<ul class=\"wp-block-list\">\n<li>Pilotage centralis\u00e9 avec une t\u00e9l\u00e9commande ou un boitier g\u00e9n\u00e9ral<\/li>\n\n\n\n<li>Pilotage avec votre smartphone depuis n&#8217;importe o\u00f9 dans le monde<\/li>\n\n\n\n<li>Simulateur de pr\u00e9sence<\/li>\n<\/ul>\n\n\n\n<div class=\"wp-block-buttons is-layout-flex wp-block-buttons-is-layout-flex\">\n<div class=\"wp-block-button is-style-fill\"><a class=\"wp-block-button__link has-palette-color-3-color has-palette-color-2-background-color has-text-color has-background has-link-color wp-element-button\" href=\"https:\/\/jplf.fr\/index.php\/contact\/\">Demander une intervention<\/a><\/div>\n<\/div>\n<\/div><\/div>\n\n\n\n<div class=\"wp-block-media-text is-stacked-on-mobile is-image-fill-element\" style=\"grid-template-columns:25% auto\"><figure class=\"wp-block-media-text__media\"><img loading=\"lazy\" decoding=\"async\" width=\"626\" height=\"501\" src=\"https:\/\/jplf.fr\/wp-content\/uploads\/2026\/02\/rendu-3d-interieur-moderne-controle-par-application-smartphone_190619-145.avif\" alt=\"\" class=\"wp-image-79 size-full\" style=\"object-position:79% 40%\"\/><\/figure><div class=\"wp-block-media-text__content\">\n<h2 class=\"wp-block-heading\">Programmation de vos appareils domotiques<\/h2>\n\n\n\n<div class=\"wp-block-buttons is-layout-flex wp-block-buttons-is-layout-flex\">\n<div class=\"wp-block-button is-style-fill\"><a class=\"wp-block-button__link has-palette-color-3-color has-palette-color-2-background-color has-text-color has-background has-link-color wp-element-button\" href=\"https:\/\/jplf.fr\/index.php\/contact\/\">Demander une intervention<\/a><\/div>\n<\/div>\n<\/div><\/div>\n\n\n\n<p><\/p>\n","protected":false},"excerpt":{"rendered":"","protected":false},"author":1,"featured_media":0,"parent":0,"menu_order":0,"comment_status":"closed","ping_status":"closed","template":"","meta":{"footnotes":""},"class_list":["post-21","page","type-page","status-publish","hentry"],"blocksy_meta":[],"_links":{"self":[{"href":"https:\/\/jplf.fr\/index.php\/wp-json\/wp\/v2\/pages\/21","targetHints":{"allow":["GET"]}}],"collection":[{"href":"https:\/\/jplf.fr\/index.php\/wp-json\/wp\/v2\/pages"}],"about":[{"href":"https:\/\/jplf.fr\/index.php\/wp-json\/wp\/v2\/types\/page"}],"author":[{"embeddable":true,"href":"https:\/\/jplf.fr\/index.php\/wp-json\/wp\/v2\/users\/1"}],"replies":[{"embeddable":true,"href":"https:\/\/jplf.fr\/index.php\/wp-json\/wp\/v2\/comments?post=21"}],"version-history":[{"count":8,"href":"https:\/\/jplf.fr\/index.php\/wp-json\/wp\/v2\/pages\/21\/revisions"}],"predecessor-version":[{"id":265,"href":"https:\/\/jplf.fr\/index.php\/wp-json\/wp\/v2\/pages\/21\/revisions\/265"}],"wp:attachment":[{"href":"https:\/\/jplf.fr\/index.php\/wp-json\/wp\/v2\/media?parent=21"}],"curies":[{"name":"wp","href":"https:\/\/api.w.org\/{rel}","templated":true}]}}